{"id":614,"date":"2023-08-31T16:29:31","date_gmt":"2023-08-31T16:29:31","guid":{"rendered":"https:\/\/aymaac.com\/?page_id=614"},"modified":"2024-02-08T16:41:50","modified_gmt":"2024-02-08T16:41:50","slug":"ayma-recicladora","status":"publish","type":"page","link":"https:\/\/aymaac.com\/index.php\/ayma-recicladora\/","title":{"rendered":"Contacto"},"content":{"rendered":"<div class=\"fusion-fullwidth fullwidth-box fusion-builder-row-1 fusion-flex-container has-pattern-background has-mask-background nonhundred-percent-fullwidth non-hundred-percent-height-scrolling\" style=\"--awb-border-sizes-top:0px;--awb-border-sizes-bottom:0px;--awb-border-sizes-left:0px;--awb-border-sizes-right:0px;--awb-border-radius-top-left:0px;--awb-border-radius-top-right:0px;--awb-border-radius-bottom-right:0px;--awb-border-radius-bottom-left:0px;--awb-padding-top:120px;--awb-padding-bottom:120px;--awb-padding-bottom-medium:0px;--awb-background-color:var(--awb-color1);\" ><div class=\"fusion-builder-row fusion-row fusion-flex-align-items-flex-start\" style=\"max-width:calc( 1170px + 100px );margin-left: calc(-100px \/ 2 );margin-right: calc(-100px \/ 2 );\"><div class=\"fusion-layout-column fusion_builder_column fusion-builder-column-0 fusion-flex-column fusion-animated\" style=\"--awb-overflow:hidden;--awb-bg-size:cover;--awb-border-color:rgba(19,21,22,0.08);--awb-border-style:solid;--awb-border-radius:6px 6px 6px 6px;--awb-width-large:45%;--awb-margin-top-large:0px;--awb-spacing-right-large:50px;--awb-margin-bottom-large:0px;--awb-spacing-left-large:50px;--awb-width-medium:50%;--awb-order-medium:0;--awb-spacing-right-medium:50px;--awb-spacing-left-medium:50px;--awb-width-small:100%;--awb-order-small:0;--awb-margin-top-small:0px;--awb-spacing-right-small:50px;--awb-margin-bottom-small:30px;--awb-spacing-left-small:50px;\" data-animationType=\"fadeInUp\" data-animationDuration=\"1.2\" data-animationOffset=\"top-into-view\"><div class=\"fusion-column-wrapper fusion-column-has-shadow fusion-flex-justify-content-flex-start fusion-content-layout-column\"><div class=\"fusion-image-element \" style=\"--awb-aspect-ratio: 100 \/ 47;--awb-object-position:46% 38%;--awb-margin-bottom:0px;--awb-caption-title-size:var(--h2_typography-font-size);--awb-caption-title-transform:var(--h2_typography-text-transform);--awb-caption-title-line-height:var(--h2_typography-line-height);--awb-caption-title-letter-spacing:var(--h2_typography-letter-spacing);\"><span class=\" fusion-imageframe imageframe-none imageframe-1 hover-type-none has-aspect-ratio\"><img decoding=\"async\" width=\"1366\" height=\"768\" alt=\"EMPRESA DE RECICLAJE\" title=\"Disen\u0303o sin ti\u0301tulo\" src=\"https:\/\/aymaac.com\/wp-content\/uploads\/2023\/09\/Diseno-sin-titulo.png\" data-orig-src=\"https:\/\/aymaac.com\/wp-content\/uploads\/2023\/09\/Diseno-sin-titulo.png\" class=\"lazyload img-responsive wp-image-720 img-with-aspect-ratio\" srcset=\"data:image\/svg+xml,%3Csvg%20xmlns%3D%27http%3A%2F%2Fwww.w3.org%2F2000%2Fsvg%27%20width%3D%271366%27%20height%3D%27768%27%20viewBox%3D%270%200%201366%20768%27%3E%3Crect%20width%3D%271366%27%20height%3D%27768%27%20fill-opacity%3D%220%22%2F%3E%3C%2Fsvg%3E\" data-srcset=\"https:\/\/aymaac.com\/wp-content\/uploads\/2023\/09\/Diseno-sin-titulo-200x112.png 200w, https:\/\/aymaac.com\/wp-content\/uploads\/2023\/09\/Diseno-sin-titulo-400x225.png 400w, https:\/\/aymaac.com\/wp-content\/uploads\/2023\/09\/Diseno-sin-titulo-600x337.png 600w, https:\/\/aymaac.com\/wp-content\/uploads\/2023\/09\/Diseno-sin-titulo-800x450.png 800w, https:\/\/aymaac.com\/wp-content\/uploads\/2023\/09\/Diseno-sin-titulo-1200x675.png 1200w, https:\/\/aymaac.com\/wp-content\/uploads\/2023\/09\/Diseno-sin-titulo.png 1366w\" data-sizes=\"auto\" data-orig-sizes=\"(max-width: 1024px) 100vw, (max-width: 640px) 100vw, 600px\" \/><\/span><\/div><div class=\"fusion-builder-row fusion-builder-row-inner fusion-row fusion-flex-align-items-flex-start\" style=\"width:calc( 100% + 100px ) !important;max-width:calc( 100% + 100px ) !important;margin-left: calc(-100px \/ 2 );margin-right: calc(-100px \/ 2 );\"><div class=\"fusion-layout-column fusion_builder_column_inner fusion-builder-nested-column-0 fusion_builder_column_inner_1_1 1_1 fusion-flex-column\" style=\"--awb-padding-top:80px;--awb-padding-right:80px;--awb-padding-bottom:80px;--awb-padding-left:80px;--awb-bg-color:var(--awb-color7);--awb-bg-size:cover;--awb-width-large:100%;--awb-margin-top-large:0px;--awb-spacing-right-large:50px;--awb-margin-bottom-large:0px;--awb-spacing-left-large:50px;--awb-width-medium:100%;--awb-order-medium:0;--awb-spacing-right-medium:50px;--awb-spacing-left-medium:50px;--awb-width-small:100%;--awb-order-small:0;--awb-spacing-right-small:50px;--awb-spacing-left-small:50px;\"><div class=\"fusion-column-wrapper fusion-column-has-shadow fusion-flex-justify-content-flex-start fusion-content-layout-column\"><div class=\"fusion-title title fusion-title-1 fusion-title-text fusion-title-size-five\" style=\"--awb-text-color:#141617;--awb-margin-top:10px;--awb-margin-bottom:20px;--awb-margin-top-small:10px;--awb-margin-bottom-small:10px;--awb-font-size:24px;\"><div class=\"title-sep-container title-sep-container-left fusion-no-large-visibility fusion-no-medium-visibility fusion-no-small-visibility\"><div class=\"title-sep sep- sep-solid\" style=\"border-color:var(--awb-color3);\"><\/div><\/div><span class=\"awb-title-spacer fusion-no-large-visibility fusion-no-medium-visibility fusion-no-small-visibility\"><\/span><h5 class=\"title-heading-left fusion-responsive-typography-calculated\" style=\"font-family:&quot;Spline Sans&quot;;font-style:normal;font-weight:500;margin:0;font-size:1em;letter-spacing:-1px;text-transform:var(--awb-typography1-text-transform);--fontSize:24;--minFontSize:24;line-height:1.2;\"><span style=\"font-family: 'trebuchet ms', geneva, sans-serif;\">Tel\u00e9fono<\/span><\/h5><span class=\"awb-title-spacer\"><\/span><div class=\"title-sep-container title-sep-container-right\"><div class=\"title-sep sep- sep-solid\" style=\"border-color:var(--awb-color3);\"><\/div><\/div><\/div><div class=\"fusion-text fusion-text-1 fusion-text-no-margin\" style=\"--awb-font-size:17px;--awb-line-height:1.7;--awb-letter-spacing:var(--awb-typography4-letter-spacing);--awb-text-transform:var(--awb-typography4-text-transform);--awb-text-color:#141617;--awb-text-font-family:&quot;Spline Sans&quot;;--awb-text-font-style:normal;--awb-text-font-weight:300;\"><p>55-3709-5229<\/p>\n<\/div><div class=\"fusion-separator fusion-full-width-sep\" style=\"align-self: center;margin-left: auto;margin-right: auto;margin-top:30px;margin-bottom:30px;width:100%;\"><div class=\"fusion-separator-border sep-single sep-solid\" style=\"--awb-height:20px;--awb-amount:20px;--awb-sep-color:rgba(19,21,22,0.1);border-color:rgba(19,21,22,0.1);border-top-width:1px;\"><\/div><\/div><div class=\"fusion-title title fusion-title-2 fusion-title-text fusion-title-size-five\" style=\"--awb-text-color:#141617;--awb-margin-top:10px;--awb-margin-bottom:20px;--awb-margin-top-small:10px;--awb-margin-bottom-small:10px;--awb-font-size:24px;\"><div class=\"title-sep-container title-sep-container-left fusion-no-large-visibility fusion-no-medium-visibility fusion-no-small-visibility\"><div class=\"title-sep sep- sep-solid\" style=\"border-color:var(--awb-color3);\"><\/div><\/div><span class=\"awb-title-spacer fusion-no-large-visibility fusion-no-medium-visibility fusion-no-small-visibility\"><\/span><h5 class=\"title-heading-left fusion-responsive-typography-calculated\" style=\"font-family:&quot;Spline Sans&quot;;font-style:normal;font-weight:500;margin:0;font-size:1em;letter-spacing:-1px;text-transform:var(--awb-typography1-text-transform);--fontSize:24;--minFontSize:24;line-height:1.2;\"><span style=\"font-family: 'trebuchet ms', geneva, sans-serif;\">Mail<\/span><\/h5><span class=\"awb-title-spacer\"><\/span><div class=\"title-sep-container title-sep-container-right\"><div class=\"title-sep sep- sep-solid\" style=\"border-color:var(--awb-color3);\"><\/div><\/div><\/div><div class=\"fusion-text fusion-text-2 fusion-text-no-margin\" style=\"--awb-font-size:17px;--awb-line-height:1.7;--awb-letter-spacing:var(--awb-typography4-letter-spacing);--awb-text-transform:var(--awb-typography4-text-transform);--awb-text-color:#141617;--awb-text-font-family:&quot;Spline Sans&quot;;--awb-text-font-style:normal;--awb-text-font-weight:300;\"><p>ayuda@aymaac.com<\/p>\n<\/div><div class=\"fusion-separator fusion-full-width-sep\" style=\"align-self: center;margin-left: auto;margin-right: auto;margin-top:30px;margin-bottom:30px;width:100%;\"><div class=\"fusion-separator-border sep-single sep-solid\" style=\"--awb-height:20px;--awb-amount:20px;--awb-sep-color:rgba(19,21,22,0.1);border-color:rgba(19,21,22,0.1);border-top-width:1px;\"><\/div><\/div><div class=\"fusion-title title fusion-title-3 fusion-title-text fusion-title-size-five\" style=\"--awb-text-color:#141617;--awb-margin-top:10px;--awb-margin-bottom:20px;--awb-margin-top-small:10px;--awb-margin-bottom-small:10px;--awb-font-size:24px;\"><div class=\"title-sep-container title-sep-container-left fusion-no-large-visibility fusion-no-medium-visibility fusion-no-small-visibility\"><div class=\"title-sep sep- sep-solid\" style=\"border-color:var(--awb-color3);\"><\/div><\/div><span class=\"awb-title-spacer fusion-no-large-visibility fusion-no-medium-visibility fusion-no-small-visibility\"><\/span><h5 class=\"title-heading-left fusion-responsive-typography-calculated\" style=\"font-family:&quot;Spline Sans&quot;;font-style:normal;font-weight:500;margin:0;font-size:1em;letter-spacing:-1px;text-transform:var(--awb-typography1-text-transform);--fontSize:24;--minFontSize:24;line-height:1.2;\"><span style=\"font-family: 'trebuchet ms', geneva, sans-serif;\">Siguenos en:<\/span><\/h5><span class=\"awb-title-spacer\"><\/span><div class=\"title-sep-container title-sep-container-right\"><div class=\"title-sep sep- sep-solid\" style=\"border-color:var(--awb-color3);\"><\/div><\/div><\/div><div class=\"fusion-social-links fusion-social-links-1\" style=\"--awb-margin-top:0px;--awb-margin-right:0px;--awb-margin-bottom:0px;--awb-margin-left:0px;--awb-box-border-top:0px;--awb-box-border-right:0px;--awb-box-border-bottom:0px;--awb-box-border-left:0px;--awb-icon-colors-hover:var(--awb-color1);--awb-box-colors-hover:hsla(var(--awb-color8-h),var(--awb-color8-s),calc( var(--awb-color8-l) + 71% ),calc( var(--awb-color8-a) - 20% ));--awb-box-border-color:var(--awb-color5);--awb-box-border-color-hover:var(--awb-color5);\"><div class=\"fusion-social-networks boxed-icons color-type-custom\"><div class=\"fusion-social-networks-wrapper\"><a class=\"fusion-social-network-icon fusion-tooltip fusion-facebook awb-icon-facebook\" style=\"color:var(--awb-color1);font-size:22px;width:22px;background-color:var(--awb-color5);border-color:var(--awb-color5);border-radius:50%;\" data-placement=\"top\" data-title=\"Facebook\" data-toggle=\"tooltip\" title=\"Facebook\" aria-label=\"facebook\" target=\"_blank\" rel=\"noopener noreferrer\" href=\"#\"><\/a><a class=\"fusion-social-network-icon fusion-tooltip fusion-twitter awb-icon-twitter\" style=\"color:var(--awb-color1);font-size:22px;width:22px;background-color:var(--awb-color5);border-color:var(--awb-color5);border-radius:50%;\" data-placement=\"top\" data-title=\"Twitter\" data-toggle=\"tooltip\" title=\"Twitter\" aria-label=\"twitter\" target=\"_blank\" rel=\"noopener noreferrer\" href=\"#\"><\/a><a class=\"fusion-social-network-icon fusion-tooltip fusion-instagram awb-icon-instagram\" style=\"color:var(--awb-color1);font-size:22px;width:22px;background-color:var(--awb-color5);border-color:var(--awb-color5);border-radius:50%;\" data-placement=\"top\" data-title=\"Instagram\" data-toggle=\"tooltip\" title=\"Instagram\" aria-label=\"instagram\" target=\"_blank\" rel=\"noopener noreferrer\" href=\"#\"><\/a><\/div><\/div><\/div><\/div><\/div><\/div><\/div><\/div><div class=\"fusion-layout-column fusion_builder_column fusion-builder-column-1 fusion-flex-column fusion-animated\" style=\"--awb-bg-size:cover;--awb-border-color:rgba(19,21,22,0.08);--awb-border-style:solid;--awb-width-large:55%;--awb-margin-top-large:0px;--awb-spacing-right-large:50px;--awb-margin-bottom-large:0px;--awb-spacing-left-large:50px;--awb-width-medium:50%;--awb-order-medium:0;--awb-spacing-right-medium:50px;--awb-spacing-left-medium:50px;--awb-width-small:100%;--awb-order-small:0;--awb-margin-top-small:0px;--awb-spacing-right-small:50px;--awb-margin-bottom-small:30px;--awb-spacing-left-small:50px;\" data-animationType=\"fadeInUp\" data-animationDuration=\"1.2\" data-animationOffset=\"top-into-view\"><div class=\"fusion-column-wrapper fusion-column-has-shadow fusion-flex-justify-content-flex-start fusion-content-layout-column\"><div class=\"fusion-title title fusion-title-4 fusion-title-text fusion-title-size-two\" style=\"--awb-text-color:#ffffff;--awb-margin-bottom:20px;--awb-font-size:50px;\"><div class=\"title-sep-container title-sep-container-left fusion-no-large-visibility fusion-no-medium-visibility fusion-no-small-visibility\"><div class=\"title-sep sep- sep-solid\" style=\"border-color:var(--awb-color3);\"><\/div><\/div><span class=\"awb-title-spacer fusion-no-large-visibility fusion-no-medium-visibility fusion-no-small-visibility\"><\/span><h2 class=\"title-heading-left fusion-responsive-typography-calculated\" style=\"font-family:&quot;Spline Sans&quot;;font-style:normal;font-weight:500;margin:0;font-size:1em;letter-spacing:-1px;text-transform:var(--awb-typography1-text-transform);--fontSize:50;line-height:1.2;\"><span style=\"font-family: 'trebuchet ms', geneva, sans-serif; color: #003366;\">\u00a1Colaboremos para salvar el Planeta !<\/span><\/h2><span class=\"awb-title-spacer\"><\/span><div class=\"title-sep-container title-sep-container-right\"><div class=\"title-sep sep- sep-solid\" style=\"border-color:var(--awb-color3);\"><\/div><\/div><\/div><div class=\"fusion-text fusion-text-3 fusion-text-no-margin\" style=\"--awb-font-size:17px;--awb-line-height:1.7;--awb-letter-spacing:var(--awb-typography4-letter-spacing);--awb-text-transform:var(--awb-typography4-text-transform);--awb-text-color:#ffffff;--awb-margin-bottom:40px;--awb-text-font-family:&quot;Spline Sans&quot;;--awb-text-font-style:normal;--awb-text-font-weight:300;\"><p style=\"text-align: justify;\"><span style=\"font-family: 'trebuchet ms', geneva, sans-serif; color: #000000;\">&#8220;\u00bfListo para unirte a nuestra misi\u00f3n de reciclaje? \u00a1Cont\u00e1ctanos hoy mismo! Estamos aqu\u00ed para responder a tus preguntas y ayudarte a hacer la diferencia.&#8221;<\/span><\/p>\n<\/div><div class=\"fusion-form fusion-form-builder fusion-form-form-wrapper fusion-form-425\" style=\"--awb-tooltip-text-color:#ffffff;--awb-tooltip-background-color:#333333;\" data-form-id=\"425\" data-config=\"{&quot;form_id&quot;:&quot;425&quot;,&quot;form_post_id&quot;:&quot;425&quot;,&quot;post_id&quot;:614,&quot;form_type&quot;:&quot;ajax&quot;,&quot;confirmation_type&quot;:&quot;message&quot;,&quot;redirect_url&quot;:&quot;&quot;,&quot;field_labels&quot;:{&quot;Nombre&quot;:&quot;Nombre&quot;,&quot;email&quot;:&quot;Email&quot;,&quot;Mensaje&quot;:&quot;Mensaje&quot;},&quot;field_logics&quot;:{&quot;Nombre&quot;:&quot;&quot;,&quot;email&quot;:&quot;&quot;,&quot;Mensaje&quot;:&quot;&quot;,&quot;notice_1&quot;:&quot;&quot;},&quot;field_types&quot;:{&quot;Nombre&quot;:&quot;text&quot;,&quot;email&quot;:&quot;email&quot;,&quot;Mensaje&quot;:&quot;textarea&quot;,&quot;submit_1&quot;:&quot;submit&quot;,&quot;notice_1&quot;:&quot;notice&quot;},&quot;nonce_method&quot;:&quot;ajax&quot;}\"><form action=\"https:\/\/aymaac.com\/index.php\/ayma-recicladora\/\" method=\"post\" class=\"fusion-form fusion-form-425\"><div class=\"fusion-fullwidth fullwidth-box fusion-builder-row-1-1 fusion-flex-container nonhundred-percent-fullwidth non-hundred-percent-height-scrolling\" style=\"--awb-border-radius-top-left:0px;--awb-border-radius-top-right:0px;--awb-border-radius-bottom-right:0px;--awb-border-radius-bottom-left:0px;--awb-padding-right:0px;--awb-padding-left:0px;\" ><div class=\"fusion-builder-row fusion-row fusion-flex-align-items-flex-start\" style=\"width:104% !important;max-width:104% !important;margin-left: calc(-4% \/ 2 );margin-right: calc(-4% \/ 2 );\"><div class=\"fusion-layout-column fusion_builder_column fusion-builder-column-2 fusion_builder_column_1_1 1_1 fusion-flex-column\" style=\"--awb-bg-size:cover;--awb-width-large:100%;--awb-margin-top-large:0px;--awb-spacing-right-large:1.92%;--awb-margin-bottom-large:0px;--awb-spacing-left-large:1.92%;--awb-width-medium:100%;--awb-order-medium:0;--awb-spacing-right-medium:1.92%;--awb-spacing-left-medium:1.92%;--awb-width-small:100%;--awb-order-small:0;--awb-spacing-right-small:1.92%;--awb-spacing-left-small:1.92%;\"><div class=\"fusion-column-wrapper fusion-column-has-shadow fusion-flex-justify-content-flex-start fusion-content-layout-column\"><div class=\"fusion-form-field fusion-form-text-field fusion-form-label-above\" style=\"\" data-form-id=\"425\"><div class=\"fusion-form-label-wrapper\"><label for=\"Nombre\">Nombre <abbr class=\"fusion-form-element-required\" title=\"required\">*<\/abbr><\/label><\/div><input type=\"text\" name=\"Nombre\" id=\"Nombre\" value=\"\"  class=\"fusion-form-input\" required=\"true\" aria-required=\"true\" data-holds-private-data=\"false\" minlength=\"0\"\/><\/div><div class=\"fusion-form-field fusion-form-email-field fusion-form-label-above\" style=\"\" data-form-id=\"425\"><div class=\"fusion-form-label-wrapper\"><label for=\"email\">Email <abbr class=\"fusion-form-element-required\" title=\"required\">*<\/abbr><\/label><\/div><input type=\"email\" name=\"email\" id=\"email\" value=\"\"  class=\"fusion-form-input\" required=\"true\" aria-required=\"true\" data-holds-private-data=\"false\"\/><\/div><div class=\"fusion-form-field fusion-form-textarea-field fusion-form-label-above\" style=\"\" data-form-id=\"425\"><label for=\"Mensaje\">Mensaje<\/label><textarea cols=\"40\"  minlength=\"0\"  rows=\"4\" tabindex=\"\" id=\"Mensaje\" name=\"Mensaje\" class=\"fusion-form-input\" data-holds-private-data=\"false\"><\/textarea><\/div><div class=\"fusion-form-field fusion-form-submit-field fusion-form-label-above\" style=\"\" data-form-id=\"425\"><div ><button type=\"submit\" class=\"fusion-button button-flat fusion-button-default-size button-default fusion-button-default button-1 fusion-button-default-span  form-form-submit button-default\" style=\"--button_margin-bottom:30px;width:calc(100%);\" data-form-number=\"425\" tabindex=\"\"><span class=\"fusion-button-text\">Enviar <\/span><\/button><\/div><\/div><div class=\"form-submission-notices data-notice_1\" id=\"fusion-notices-1\"><div class=\"fusion-alert alert success alert-success fusion-alert-center fusion-form-response fusion-form-response-success fusion-alert-capitalize alert-dismissable\" role=\"alert\"><div class=\"fusion-alert-content-wrapper\"><span class=\"alert-icon\"><i class=\"awb-icon-check-circle\" aria-hidden=\"true\"><\/i><\/span><span class=\"fusion-alert-content\">Thank you for your message. It has been sent.<\/span><\/div><button type=\"button\" class=\"close toggle-alert\" data-dismiss=\"alert\" aria-label=\"Close\">&times;<\/button><\/div><div class=\"fusion-alert alert error alert-danger fusion-alert-center fusion-form-response fusion-form-response-error fusion-alert-capitalize alert-dismissable\" role=\"alert\"><div class=\"fusion-alert-content-wrapper\"><span class=\"alert-icon\"><i class=\"awb-icon-exclamation-triangle\" aria-hidden=\"true\"><\/i><\/span><span class=\"fusion-alert-content\">There was an error trying to send your message. Please try again later.<\/span><\/div><button type=\"button\" class=\"close toggle-alert\" data-dismiss=\"alert\" aria-label=\"Close\">&times;<\/button><\/div><\/div><\/div><\/div><\/div><\/div><input type=\"hidden\" name=\"fusion_privacy_store_ip_ua\" value=\"false\"><input type=\"hidden\" name=\"fusion_privacy_expiration_interval\" value=\"48\"><input type=\"hidden\" name=\"privacy_expiration_action\" value=\"anonymize\"><\/form><\/div><\/div><\/div><\/div><\/div>\n","protected":false},"excerpt":{"rendered":"","protected":false},"author":1,"featured_media":0,"parent":0,"menu_order":0,"comment_status":"closed","ping_status":"closed","template":"100-width.php","meta":{"footnotes":""},"yoast_head":"<!-- This site is optimized with the Yoast SEO Premium plugin v21.8 (Yoast SEO v22.0) - https:\/\/yoast.com\/wordpress\/plugins\/seo\/ -->\n<title>Contacto - AYMA RECICLADORA<\/title>\n<meta name=\"description\" content=\"En AYMA nos comprometido con el cuidado del medio ambiente.Reciclamos papel, cart\u00f3n, cobre y equipos el\u00e9ctricos. \u00danete y haz tu parte\" \/>\n<meta name=\"robots\" content=\"index, follow, max-snippet:-1, max-image-preview:large, max-video-preview:-1\" \/>\n<link rel=\"canonical\" href=\"https:\/\/aymaac.com\/index.php\/ayma-recicladora\/\" \/>\n<meta property=\"og:locale\" content=\"en_US\" \/>\n<meta property=\"og:type\" content=\"article\" \/>\n<meta property=\"og:title\" content=\"AYMA RECICLADORA\" \/>\n<meta property=\"og:description\" content=\"AYMA somos un centro de reciclaje comprometido con el cuidado del medio ambiente. Reciclamos papel, cart\u00f3n, cobre y equipos el\u00e9ctricos en desuso para construir un futuro m\u00e1s sostenible.\" \/>\n<meta property=\"og:url\" content=\"https:\/\/aymaac.com\/index.php\/ayma-recicladora\/\" \/>\n<meta property=\"og:site_name\" content=\"AYMA RECICLAJE\" \/>\n<meta property=\"article:modified_time\" content=\"2024-02-08T16:41:50+00:00\" \/>\n<meta property=\"og:image\" content=\"https:\/\/aymaac.com\/wp-content\/uploads\/2023\/09\/reciclaje-cdmx-1.png\" \/>\n\t<meta property=\"og:image:width\" content=\"1080\" \/>\n\t<meta property=\"og:image:height\" content=\"1080\" \/>\n\t<meta property=\"og:image:type\" content=\"image\/png\" \/>\n<meta name=\"twitter:card\" content=\"summary_large_image\" \/>\n<meta name=\"twitter:title\" content=\"AYMA RECICLADORA\" \/>\n<meta name=\"twitter:description\" content=\"AYMA somos un centro de reciclaje comprometido con el cuidado del medio ambiente. Reciclamos papel, cart\u00f3n, cobre y equipos el\u00e9ctricos en desuso para construir un futuro m\u00e1s sostenible.\" \/>\n<meta name=\"twitter:image\" content=\"https:\/\/aymaac.com\/wp-content\/uploads\/2023\/09\/landing-ayma.png\" \/>\n<meta name=\"twitter:label1\" content=\"Est. reading time\" \/>\n\t<meta name=\"twitter:data1\" content=\"6 minutes\" \/>\n<script type=\"application\/ld+json\" class=\"yoast-schema-graph\">{\"@context\":\"https:\/\/schema.org\",\"@graph\":[{\"@type\":\"WebPage\",\"@id\":\"https:\/\/aymaac.com\/index.php\/ayma-recicladora\/\",\"url\":\"https:\/\/aymaac.com\/index.php\/ayma-recicladora\/\",\"name\":\"Contacto - AYMA RECICLADORA\",\"isPartOf\":{\"@id\":\"https:\/\/aymaac.com\/#website\"},\"datePublished\":\"2023-08-31T16:29:31+00:00\",\"dateModified\":\"2024-02-08T16:41:50+00:00\",\"description\":\"En AYMA nos comprometido con el cuidado del medio ambiente.Reciclamos papel, cart\u00f3n, cobre y equipos el\u00e9ctricos. \u00danete y haz tu parte\",\"breadcrumb\":{\"@id\":\"https:\/\/aymaac.com\/index.php\/ayma-recicladora\/#breadcrumb\"},\"inLanguage\":\"en-US\",\"potentialAction\":[{\"@type\":\"ReadAction\",\"target\":[\"https:\/\/aymaac.com\/index.php\/ayma-recicladora\/\"]}]},{\"@type\":\"BreadcrumbList\",\"@id\":\"https:\/\/aymaac.com\/index.php\/ayma-recicladora\/#breadcrumb\",\"itemListElement\":[{\"@type\":\"ListItem\",\"position\":1,\"name\":\"Home\",\"item\":\"https:\/\/aymaac.com\/\"},{\"@type\":\"ListItem\",\"position\":2,\"name\":\"Contacto\"}]},{\"@type\":\"WebSite\",\"@id\":\"https:\/\/aymaac.com\/#website\",\"url\":\"https:\/\/aymaac.com\/\",\"name\":\"AYMA RECICLAJE\",\"description\":\"ASOCIACI\u00d3N CIVIL\",\"potentialAction\":[{\"@type\":\"SearchAction\",\"target\":{\"@type\":\"EntryPoint\",\"urlTemplate\":\"https:\/\/aymaac.com\/?s={search_term_string}\"},\"query-input\":\"required name=search_term_string\"}],\"inLanguage\":\"en-US\"}]}<\/script>\n<!-- \/ Yoast SEO Premium plugin. -->","yoast_head_json":{"title":"Contacto - AYMA RECICLADORA","description":"En AYMA nos comprometido con el cuidado del medio ambiente.Reciclamos papel, cart\u00f3n, cobre y equipos el\u00e9ctricos. \u00danete y haz tu parte","robots":{"index":"index","follow":"follow","max-snippet":"max-snippet:-1","max-image-preview":"max-image-preview:large","max-video-preview":"max-video-preview:-1"},"canonical":"https:\/\/aymaac.com\/index.php\/ayma-recicladora\/","og_locale":"en_US","og_type":"article","og_title":"AYMA RECICLADORA","og_description":"AYMA somos un centro de reciclaje comprometido con el cuidado del medio ambiente. Reciclamos papel, cart\u00f3n, cobre y equipos el\u00e9ctricos en desuso para construir un futuro m\u00e1s sostenible.","og_url":"https:\/\/aymaac.com\/index.php\/ayma-recicladora\/","og_site_name":"AYMA RECICLAJE","article_modified_time":"2024-02-08T16:41:50+00:00","og_image":[{"width":1080,"height":1080,"url":"https:\/\/aymaac.com\/wp-content\/uploads\/2023\/09\/reciclaje-cdmx-1.png","type":"image\/png"}],"twitter_card":"summary_large_image","twitter_title":"AYMA RECICLADORA","twitter_description":"AYMA somos un centro de reciclaje comprometido con el cuidado del medio ambiente. Reciclamos papel, cart\u00f3n, cobre y equipos el\u00e9ctricos en desuso para construir un futuro m\u00e1s sostenible.","twitter_image":"https:\/\/aymaac.com\/wp-content\/uploads\/2023\/09\/landing-ayma.png","twitter_misc":{"Est. reading time":"6 minutes"},"schema":{"@context":"https:\/\/schema.org","@graph":[{"@type":"WebPage","@id":"https:\/\/aymaac.com\/index.php\/ayma-recicladora\/","url":"https:\/\/aymaac.com\/index.php\/ayma-recicladora\/","name":"Contacto - AYMA RECICLADORA","isPartOf":{"@id":"https:\/\/aymaac.com\/#website"},"datePublished":"2023-08-31T16:29:31+00:00","dateModified":"2024-02-08T16:41:50+00:00","description":"En AYMA nos comprometido con el cuidado del medio ambiente.Reciclamos papel, cart\u00f3n, cobre y equipos el\u00e9ctricos. \u00danete y haz tu parte","breadcrumb":{"@id":"https:\/\/aymaac.com\/index.php\/ayma-recicladora\/#breadcrumb"},"inLanguage":"en-US","potentialAction":[{"@type":"ReadAction","target":["https:\/\/aymaac.com\/index.php\/ayma-recicladora\/"]}]},{"@type":"BreadcrumbList","@id":"https:\/\/aymaac.com\/index.php\/ayma-recicladora\/#breadcrumb","itemListElement":[{"@type":"ListItem","position":1,"name":"Home","item":"https:\/\/aymaac.com\/"},{"@type":"ListItem","position":2,"name":"Contacto"}]},{"@type":"WebSite","@id":"https:\/\/aymaac.com\/#website","url":"https:\/\/aymaac.com\/","name":"AYMA RECICLAJE","description":"ASOCIACI\u00d3N CIVIL","potentialAction":[{"@type":"SearchAction","target":{"@type":"EntryPoint","urlTemplate":"https:\/\/aymaac.com\/?s={search_term_string}"},"query-input":"required name=search_term_string"}],"inLanguage":"en-US"}]}},"_links":{"self":[{"href":"https:\/\/aymaac.com\/index.php\/wp-json\/wp\/v2\/pages\/614"}],"collection":[{"href":"https:\/\/aymaac.com\/index.php\/wp-json\/wp\/v2\/pages"}],"about":[{"href":"https:\/\/aymaac.com\/index.php\/wp-json\/wp\/v2\/types\/page"}],"author":[{"embeddable":true,"href":"https:\/\/aymaac.com\/index.php\/wp-json\/wp\/v2\/users\/1"}],"replies":[{"embeddable":true,"href":"https:\/\/aymaac.com\/index.php\/wp-json\/wp\/v2\/comments?post=614"}],"version-history":[{"count":6,"href":"https:\/\/aymaac.com\/index.php\/wp-json\/wp\/v2\/pages\/614\/revisions"}],"predecessor-version":[{"id":867,"href":"https:\/\/aymaac.com\/index.php\/wp-json\/wp\/v2\/pages\/614\/revisions\/867"}],"wp:attachment":[{"href":"https:\/\/aymaac.com\/index.php\/wp-json\/wp\/v2\/media?parent=614"}],"curies":[{"name":"wp","href":"https:\/\/api.w.org\/{rel}","templated":true}]}}